{"id":6510,"date":"2024-04-07T18:57:51","date_gmt":"2024-04-07T22:57:51","guid":{"rendered":"https:\/\/dcb-sat.cl\/?page_id=6510"},"modified":"2024-08-05T18:19:21","modified_gmt":"2024-08-05T22:19:21","slug":"terminos-y-condiciones-de","status":"publish","type":"page","link":"https:\/\/dcb.cl\/de\/terminos-y-condiciones-de\/","title":{"rendered":"Gesch\u00e4ftsbedingungen"},"content":{"rendered":"<h2>Gesch\u00e4ftsbedingungen<\/h2>\n<p>Die vorliegenden Gesch\u00e4ftsbedingungen regeln die Nutzung des virtuellen Anmelde-Dienstes GEG24 auf dieser Webseite, auf den Interessenten \u00fcber die Webseite des Deutsch-Chilenischen Bundes (privaten Webseite) zugreifen k\u00f6nnen.<\/p>\n<p>Die ausdr\u00fcckliche Annahme dieser &#8220;Gesch\u00e4ftsbedingungen&#8221; ist eine zwingende Voraussetzung f\u00fcr die Nutzung der virtuellen Anmeldung f\u00fcr den GEG24-Sch\u00fcleraustausch, der auf dieser Webseite integriert ist.<\/p>\n<p>F\u00fcr alle rechtlichen Zwecke und durch die Annahme dieser Gesch\u00e4ftsbedingungen erkennen die Benutzer an und akzeptieren sie, dass sie sie \u00fcberpr\u00fcft haben und mit den festgelegten Bedingungen einverstanden sind. Die Benutzer sind f\u00fcr die ordnungsgem\u00e4\u00dfe Nutzung des Dienstes verantwortlich.<\/p>\n<p>Der Deutsch-Chilenische Bund beh\u00e4lt sich das Recht vor, diese Gesch\u00e4ftsbedingungen zu \u00e4ndern, wenn dies erforderlich ist, und es liegt in der Verantwortung des Benutzers, sie regelm\u00e4\u00dfig zu \u00fcberpr\u00fcfen. Ebenso beh\u00e4lt er sich jederzeit das Recht vor, den virtuellen Anmeldedienst GEG24 zu nutzen.<\/p>\n<p>Um den virtuellen Anmeldedienst GEG24 zu abonnieren, ist die ausdr\u00fcckliche Annahme der\u00a0 &#8220;Gesch\u00e4ftsbedingungen&#8221; eine zwingende Voraussetzung. Der Benutzer muss seine Zustimmung durch Auswahl des entsprechenden Kontrollk\u00e4stchens best\u00e4tigen und dann das Dokument durch Auswahl der Schaltfl\u00e4che &#8220;Best\u00e4tigen&#8221; unterschreiben, wodurch er seine Zustimmung frei von jeglichem Fehler erkl\u00e4rt und die festgelegten Bedingungen akzeptiert.<\/p>\n<p>Die vom Benutzer f\u00fcr den Zugang zum Portal des Dienstes erforderlichen Benutzerdaten sind ausschlie\u00dflich die Verantwortung des Benutzers.<\/p>\n<p>Der Deutsch-Chilenische Bund garantiert, dass die Webseite, die f\u00fcr die Bereitstellung des virtuellen Anmeldedienstes GEG24 verwendet wird, sicher ist.<\/p>\n<p>Jede durchgef\u00fchrte Operation wird von Seiten des Deutsch-Chilenischen Bundes best\u00e4tigt, validiert und \u00fcberpr\u00fcft. Aus diesem Grund wird den Benutzern auf der Webseite des Deutsch-Chilenischen Bundes die f\u00fcr das korrekte Verst\u00e4ndnis des Verfahrens und der Anforderungen des zu verwendenden Dienstes erforderlichen Informationen zur Verf\u00fcgung gestellt.<\/p>\n<p><strong>Vertrauliche Informationen:<\/strong> Es wird ausdr\u00fccklich darauf hingewiesen, dass die pers\u00f6nlichen Daten der Benutzer, die vom Deutsch-Chilenischen Bund erhalten und gespeichert werden, vertraulich sind und gem\u00e4\u00df den gesetzlichen Bestimmungen zu diesem Thema verwendet oder behandelt werden, insbesondere gem\u00e4\u00df dem Datenschutzgesetz Nr. 19.628 oder dem Datenschutzgesetz f\u00fcr pers\u00f6nliche Daten und anderen anwendbaren Vorschriften. Die Parteien erkennen an und akzeptieren den vertraulichen und geheimen Charakter der gegenseitig \u00fcbermittelten Informationen im Zusammenhang mit der Nutzung des virtuellen Anmeldedienstes GEG24, unabh\u00e4ngig von ihrer Form, Beschaffenheit oder Inhalt und dem Medium, durch das sie bereitgestellt wurden, auch wenn diese nicht als vertraulich, geheim oder geheim eingestuft wurden. Daher erkl\u00e4ren die Parteien, dass diese Informationen ausschlie\u00dfliches Eigentum des Deutsch-Chilenischen Bundes sind, und der Empf\u00e4nger darf sie nicht nutzen oder Dritten bekanntgeben, es sei denn, er hat die ausdr\u00fcckliche, vorherige und schriftliche Genehmigung des Deutsch-Chilenischen Bundes. Um die Vertraulichkeit und Geheimhaltung der von jeder Partei erhaltenen Informationen zu wahren, verpflichten sich beide Parteien insbesondere gegen\u00fcber der anderen:<\/p>\n<p>Nicht verwenden, sei es selbst oder durch verbundene Personen oder Unternehmen, die vertraulichen Informationen ganz oder teilweise f\u00fcr andere Zwecke als die Durchf\u00fchrung des virtuellen Anmeldedienstes GEG24.<\/p>\n<p>Die Parteien verpflichten sich, sicherzustellen, dass autorisierte Personen, die Zugang zu vertraulichen Informationen haben, diese Informationen gem\u00e4\u00df den zuvor beschriebenen Bedingungen vertraulich behandeln, wobei die empfangende Partei f\u00fcr die Vertraulichkeit der vertraulichen Informationen verantwortlich ist, als w\u00e4ren es ihre eigenen.<\/p>\n<p>Durch die Annahme dieser Gesch\u00e4ftsbedingungen erkl\u00e4rt sich der Sch\u00fcler und\/oder sein gesetzlicher Vertreter damit einverstanden, dass die teilnehmenden Sch\u00fcler des Austauschprogramms in Multimedia- Inhalten erscheinen k\u00f6nnen, die in Pr\u00e4sentationen, Vortr\u00e4gen, Informationsveranstaltungen, Webplattformen und sozialen Medien sowohl des Austauschprogramms als auch des Deutsch-Chilenischen Bundes gezeigt werden.<\/p>\n<p>Die Verpflichtung zur Vertraulichkeit gem\u00e4\u00df diesen Gesch\u00e4ftsbedingungen besteht auch nach Beendigung des virtuellen Anmeldedienstes GEG24 fort.<\/p>\n","protected":false},"excerpt":{"rendered":"<p>Gesch\u00e4ftsbedingungen Die vorliegenden Gesch\u00e4ftsbedingungen regeln die Nutzung des virtuellen Anmelde-Dienstes  [&#8230;]<\/p>\n","protected":false},"author":1,"featured_media":0,"parent":0,"menu_order":0,"comment_status":"closed","ping_status":"closed","template":"","meta":{"footnotes":""},"class_list":["post-6510","page","type-page","status-publish","hentry"],"yoast_head":"<!-- This site is optimized with the Yoast SEO plugin v27.3 - https:\/\/yoast.com\/product\/yoast-seo-wordpress\/ -->\n<title>Gesch\u00e4ftsbedingungen - Deutsch - Chilenischer Bund<\/title>\n<meta name=\"robots\" content=\"index, follow, max-snippet:-1, max-image-preview:large, max-video-preview:-1\" \/>\n<link rel=\"canonical\" href=\"https:\/\/dcb.cl\/de\/terminos-y-condiciones-de\/\" \/>\n<meta property=\"og:locale\" content=\"de_DE\" \/>\n<meta property=\"og:type\" content=\"article\" \/>\n<meta property=\"og:title\" content=\"Gesch\u00e4ftsbedingungen - Deutsch - Chilenischer Bund\" \/>\n<meta property=\"og:description\" content=\"Gesch\u00e4ftsbedingungen Die vorliegenden Gesch\u00e4ftsbedingungen regeln die Nutzung des virtuellen Anmelde-Dienstes [...]\" \/>\n<meta property=\"og:url\" content=\"https:\/\/dcb.cl\/de\/terminos-y-condiciones-de\/\" \/>\n<meta property=\"og:site_name\" content=\"Deutsch - Chilenischer Bund\" \/>\n<meta property=\"article:modified_time\" content=\"2024-08-05T22:19:21+00:00\" \/>\n<meta name=\"twitter:card\" content=\"summary_large_image\" \/>\n<meta name=\"twitter:label1\" content=\"Est. reading time\" \/>\n\t<meta name=\"twitter:data1\" content=\"3 minutes\" \/>\n<script type=\"application\/ld+json\" class=\"yoast-schema-graph\">{\"@context\":\"https:\\\/\\\/schema.org\",\"@graph\":[{\"@type\":\"WebPage\",\"@id\":\"https:\\\/\\\/dcb.cl\\\/de\\\/terminos-y-condiciones-de\\\/\",\"url\":\"https:\\\/\\\/dcb.cl\\\/de\\\/terminos-y-condiciones-de\\\/\",\"name\":\"Gesch\u00e4ftsbedingungen - Deutsch - Chilenischer Bund\",\"isPartOf\":{\"@id\":\"https:\\\/\\\/dcb.cl\\\/de\\\/#website\"},\"datePublished\":\"2024-04-07T22:57:51+00:00\",\"dateModified\":\"2024-08-05T22:19:21+00:00\",\"breadcrumb\":{\"@id\":\"https:\\\/\\\/dcb.cl\\\/de\\\/terminos-y-condiciones-de\\\/#breadcrumb\"},\"inLanguage\":\"de-DE\",\"potentialAction\":[{\"@type\":\"ReadAction\",\"target\":[\"https:\\\/\\\/dcb.cl\\\/de\\\/terminos-y-condiciones-de\\\/\"]}]},{\"@type\":\"BreadcrumbList\",\"@id\":\"https:\\\/\\\/dcb.cl\\\/de\\\/terminos-y-condiciones-de\\\/#breadcrumb\",\"itemListElement\":[{\"@type\":\"ListItem\",\"position\":1,\"name\":\"Portada\",\"item\":\"https:\\\/\\\/dcb.cl\\\/de\\\/home\\\/\"},{\"@type\":\"ListItem\",\"position\":2,\"name\":\"Gesch\u00e4ftsbedingungen\"}]},{\"@type\":\"WebSite\",\"@id\":\"https:\\\/\\\/dcb.cl\\\/de\\\/#website\",\"url\":\"https:\\\/\\\/dcb.cl\\\/de\\\/\",\"name\":\"Deutsch - Chilenischer Bund\",\"description\":\"\",\"publisher\":{\"@id\":\"https:\\\/\\\/dcb.cl\\\/de\\\/#organization\"},\"potentialAction\":[{\"@type\":\"SearchAction\",\"target\":{\"@type\":\"EntryPoint\",\"urlTemplate\":\"https:\\\/\\\/dcb.cl\\\/de\\\/?s={search_term_string}\"},\"query-input\":{\"@type\":\"PropertyValueSpecification\",\"valueRequired\":true,\"valueName\":\"search_term_string\"}}],\"inLanguage\":\"de-DE\"},{\"@type\":\"Organization\",\"@id\":\"https:\\\/\\\/dcb.cl\\\/de\\\/#organization\",\"name\":\"Deutsch - Chilenischer Bund\",\"url\":\"https:\\\/\\\/dcb.cl\\\/de\\\/\",\"logo\":{\"@type\":\"ImageObject\",\"inLanguage\":\"de-DE\",\"@id\":\"https:\\\/\\\/dcb.cl\\\/de\\\/#\\\/schema\\\/logo\\\/image\\\/\",\"url\":\"https:\\\/\\\/dcb.cl\\\/neueweb\\\/wp-content\\\/uploads\\\/2024\\\/02\\\/logo-DCB.svg\",\"contentUrl\":\"https:\\\/\\\/dcb.cl\\\/neueweb\\\/wp-content\\\/uploads\\\/2024\\\/02\\\/logo-DCB.svg\",\"width\":200,\"height\":100,\"caption\":\"Deutsch - Chilenischer Bund\"},\"image\":{\"@id\":\"https:\\\/\\\/dcb.cl\\\/de\\\/#\\\/schema\\\/logo\\\/image\\\/\"}}]}<\/script>\n<!-- \/ Yoast SEO plugin. -->","yoast_head_json":{"title":"Gesch\u00e4ftsbedingungen - Deutsch - Chilenischer Bund","robots":{"index":"index","follow":"follow","max-snippet":"max-snippet:-1","max-image-preview":"max-image-preview:large","max-video-preview":"max-video-preview:-1"},"canonical":"https:\/\/dcb.cl\/de\/terminos-y-condiciones-de\/","og_locale":"de_DE","og_type":"article","og_title":"Gesch\u00e4ftsbedingungen - Deutsch - Chilenischer Bund","og_description":"Gesch\u00e4ftsbedingungen Die vorliegenden Gesch\u00e4ftsbedingungen regeln die Nutzung des virtuellen Anmelde-Dienstes [...]","og_url":"https:\/\/dcb.cl\/de\/terminos-y-condiciones-de\/","og_site_name":"Deutsch - Chilenischer Bund","article_modified_time":"2024-08-05T22:19:21+00:00","twitter_card":"summary_large_image","twitter_misc":{"Est. reading time":"3 minutes"},"schema":{"@context":"https:\/\/schema.org","@graph":[{"@type":"WebPage","@id":"https:\/\/dcb.cl\/de\/terminos-y-condiciones-de\/","url":"https:\/\/dcb.cl\/de\/terminos-y-condiciones-de\/","name":"Gesch\u00e4ftsbedingungen - Deutsch - Chilenischer Bund","isPartOf":{"@id":"https:\/\/dcb.cl\/de\/#website"},"datePublished":"2024-04-07T22:57:51+00:00","dateModified":"2024-08-05T22:19:21+00:00","breadcrumb":{"@id":"https:\/\/dcb.cl\/de\/terminos-y-condiciones-de\/#breadcrumb"},"inLanguage":"de-DE","potentialAction":[{"@type":"ReadAction","target":["https:\/\/dcb.cl\/de\/terminos-y-condiciones-de\/"]}]},{"@type":"BreadcrumbList","@id":"https:\/\/dcb.cl\/de\/terminos-y-condiciones-de\/#breadcrumb","itemListElement":[{"@type":"ListItem","position":1,"name":"Portada","item":"https:\/\/dcb.cl\/de\/home\/"},{"@type":"ListItem","position":2,"name":"Gesch\u00e4ftsbedingungen"}]},{"@type":"WebSite","@id":"https:\/\/dcb.cl\/de\/#website","url":"https:\/\/dcb.cl\/de\/","name":"Deutsch - Chilenischer Bund","description":"","publisher":{"@id":"https:\/\/dcb.cl\/de\/#organization"},"potentialAction":[{"@type":"SearchAction","target":{"@type":"EntryPoint","urlTemplate":"https:\/\/dcb.cl\/de\/?s={search_term_string}"},"query-input":{"@type":"PropertyValueSpecification","valueRequired":true,"valueName":"search_term_string"}}],"inLanguage":"de-DE"},{"@type":"Organization","@id":"https:\/\/dcb.cl\/de\/#organization","name":"Deutsch - Chilenischer Bund","url":"https:\/\/dcb.cl\/de\/","logo":{"@type":"ImageObject","inLanguage":"de-DE","@id":"https:\/\/dcb.cl\/de\/#\/schema\/logo\/image\/","url":"https:\/\/dcb.cl\/neueweb\/wp-content\/uploads\/2024\/02\/logo-DCB.svg","contentUrl":"https:\/\/dcb.cl\/neueweb\/wp-content\/uploads\/2024\/02\/logo-DCB.svg","width":200,"height":100,"caption":"Deutsch - Chilenischer Bund"},"image":{"@id":"https:\/\/dcb.cl\/de\/#\/schema\/logo\/image\/"}}]}},"_links":{"self":[{"href":"https:\/\/dcb.cl\/de\/wp-json\/wp\/v2\/pages\/6510","targetHints":{"allow":["GET"]}}],"collection":[{"href":"https:\/\/dcb.cl\/de\/wp-json\/wp\/v2\/pages"}],"about":[{"href":"https:\/\/dcb.cl\/de\/wp-json\/wp\/v2\/types\/page"}],"author":[{"embeddable":true,"href":"https:\/\/dcb.cl\/de\/wp-json\/wp\/v2\/users\/1"}],"replies":[{"embeddable":true,"href":"https:\/\/dcb.cl\/de\/wp-json\/wp\/v2\/comments?post=6510"}],"version-history":[{"count":1,"href":"https:\/\/dcb.cl\/de\/wp-json\/wp\/v2\/pages\/6510\/revisions"}],"predecessor-version":[{"id":7074,"href":"https:\/\/dcb.cl\/de\/wp-json\/wp\/v2\/pages\/6510\/revisions\/7074"}],"wp:attachment":[{"href":"https:\/\/dcb.cl\/de\/wp-json\/wp\/v2\/media?parent=6510"}],"curies":[{"name":"wp","href":"https:\/\/api.w.org\/{rel}","templated":true}]}}